{"id":1923,"date":"2025-02-24T10:40:06","date_gmt":"2025-02-24T13:40:06","guid":{"rendered":"https:\/\/drgustavogastrohepato.com.br\/web\/?page_id=1923"},"modified":"2025-02-24T10:40:06","modified_gmt":"2025-02-24T13:40:06","slug":"constipacao-intestinal","status":"publish","type":"page","link":"https:\/\/drgustavogastrohepato.com.br\/web\/?page_id=1923","title":{"rendered":"Constipa\u00e7\u00e3o Intestinal"},"content":{"rendered":"\n<p>Constipa\u00e7\u00e3o intestinal \u00e9 definida por um n\u00famero de evacua\u00e7\u00f5es menor ou igual a tr\u00eas vezes por semana, e que geralmente vem acompanhada por fezes endurecidas e com volume reduzido, esfor\u00e7o para evacuar e sensa\u00e7\u00e3o de evacua\u00e7\u00e3o incompleta. Trata-se de uma queixa frequente, chegando a acometer at\u00e9 15% da popula\u00e7\u00e3o, sendo especialmente frequente em mulheres e idosos.<\/p>\n\n\n\n<p>A constipa\u00e7\u00e3o habitualmente \u00e9 decorrente de uma altera\u00e7\u00e3o funcional do aparelho digestivo, como lentifica\u00e7\u00e3o do tr\u00e2nsito intestinal ou altera\u00e7\u00f5es nos m\u00fasculos envolvidos na elimina\u00e7\u00e3o do bolo fecal do reto para o exterior. De forma menos comum, pode ser ainda secund\u00e1ria a altera\u00e7\u00f5es neurol\u00f3gicas, endocrinol\u00f3gicas ou uso de medicamentos, ou mesmo de obstru\u00e7\u00f5es do trato gastrointestinal por inflama\u00e7\u00e3o ou tumores.<\/p>\n\n\n\n<p>A avalia\u00e7\u00e3o pelo m\u00e9dico gastroenterologista consiste em identificar a causa da constipa\u00e7\u00e3o e oferecer medidas terap\u00eauticas seguras e eficazes. A abordagem inicial baseia-se na hist\u00f3ria cl\u00ednica e exame f\u00edsico minuciosos, realiza\u00e7\u00e3o de exames de sangue e, em casos selecionados, colonoscopia para correta avalia\u00e7\u00e3o de les\u00f5es obstrutivas do intestino grosso. O tratamento ser\u00e1 direcionado de acordo com a causa da constipa\u00e7\u00e3o. Na maioria dos casos, consiste em medidas diet\u00e9ticas e ado\u00e7\u00e3o de medicamentos que promovam aumento de volume e diminui\u00e7\u00e3o da consist\u00eancia do bolo fecal.<\/p>\n","protected":false},"excerpt":{"rendered":"<p>Constipa\u00e7\u00e3o intestinal \u00e9 definida por um n\u00famero de evacua\u00e7\u00f5es menor ou igual a tr\u00eas vezes por semana, e que geralmente vem acompanhada por fezes endurecidas e com volume reduzido, esfor\u00e7o para evacuar e sensa\u00e7\u00e3o de evacua\u00e7\u00e3o incompleta. Trata-se de uma queixa frequente, chegando a acometer at\u00e9 15% da popula\u00e7\u00e3o, sendo especialmente frequente em mulheres e [&hellip;]<\/p>\n","protected":false},"author":1,"featured_media":0,"parent":0,"menu_order":0,"comment_status":"closed","ping_status":"closed","template":"","meta":{"_uag_custom_page_level_css":"","site-sidebar-layout":"default","site-content-layout":"","ast-site-content-layout":"default","site-content-style":"default","site-sidebar-style":"default","ast-global-header-display":"","ast-banner-title-visibility":"","ast-main-header-display":"","ast-hfb-above-header-display":"","ast-hfb-below-header-display":"","ast-hfb-mobile-header-display":"","site-post-title":"","ast-breadcrumbs-content":"","ast-featured-img":"","footer-sml-layout":"","theme-transparent-header-meta":"","adv-header-id-meta":"","stick-header-meta":"","header-above-stick-meta":"","header-main-stick-meta":"","header-below-stick-meta":"","astra-migrate-meta-layouts":"set","ast-page-background-enabled":"default","ast-page-background-meta":{"desktop":{"background-color":"","background-image":"","background-repeat":"repeat","background-position":"center center","background-size":"auto","background-attachment":"scroll","background-type":"","background-media":"","overlay-type":"","overlay-color":"","overlay-opacity":"","overlay-gradient":""},"tablet":{"background-color":"","background-image":"","background-repeat":"repeat","background-position":"center center","background-size":"auto","background-attachment":"scroll","background-type":"","background-media":"","overlay-type":"","overlay-color":"","overlay-opacity":"","overlay-gradient":""},"mobile":{"background-color":"","background-image":"","background-repeat":"repeat","background-position":"center center","background-size":"auto","background-attachment":"scroll","background-type":"","background-media":"","overlay-type":"","overlay-color":"","overlay-opacity":"","overlay-gradient":""}},"ast-content-background-meta":{"desktop":{"background-color":"var(--ast-global-color-5)","background-image":"","background-repeat":"repeat","background-position":"center center","background-size":"auto","background-attachment":"scroll","background-type":"","background-media":"","overlay-type":"","overlay-color":"","overlay-opacity":"","overlay-gradient":""},"tablet":{"background-color":"var(--ast-global-color-5)","background-image":"","background-repeat":"repeat","background-position":"center center","background-size":"auto","background-attachment":"scroll","background-type":"","background-media":"","overlay-type":"","overlay-color":"","overlay-opacity":"","overlay-gradient":""},"mobile":{"background-color":"var(--ast-global-color-5)","background-image":"","background-repeat":"repeat","background-position":"center center","background-size":"auto","background-attachment":"scroll","background-type":"","background-media":"","overlay-type":"","overlay-color":"","overlay-opacity":"","overlay-gradient":""}},"footnotes":""},"class_list":["post-1923","page","type-page","status-publish","hentry"],"uagb_featured_image_src":{"full":false,"thumbnail":false,"medium":false,"medium_large":false,"large":false,"1536x1536":false,"2048x2048":false},"uagb_author_info":{"display_name":"drgustavogastrohepato","author_link":"https:\/\/drgustavogastrohepato.com.br\/web\/?author=1"},"uagb_comment_info":0,"uagb_excerpt":"Constipa\u00e7\u00e3o intestinal \u00e9 definida por um n\u00famero de evacua\u00e7\u00f5es menor ou igual a tr\u00eas vezes por semana, e que geralmente vem acompanhada por fezes endurecidas e com volume reduzido, esfor\u00e7o para evacuar e sensa\u00e7\u00e3o de evacua\u00e7\u00e3o incompleta. Trata-se de uma queixa frequente, chegando a acometer at\u00e9 15% da popula\u00e7\u00e3o, sendo especialmente frequente em mulheres e&hellip;","_links":{"self":[{"href":"https:\/\/drgustavogastrohepato.com.br\/web\/index.php?rest_route=\/wp\/v2\/pages\/1923","targetHints":{"allow":["GET"]}}],"collection":[{"href":"https:\/\/drgustavogastrohepato.com.br\/web\/index.php?rest_route=\/wp\/v2\/pages"}],"about":[{"href":"https:\/\/drgustavogastrohepato.com.br\/web\/index.php?rest_route=\/wp\/v2\/types\/page"}],"author":[{"embeddable":true,"href":"https:\/\/drgustavogastrohepato.com.br\/web\/index.php?rest_route=\/wp\/v2\/users\/1"}],"replies":[{"embeddable":true,"href":"https:\/\/drgustavogastrohepato.com.br\/web\/index.php?rest_route=%2Fwp%2Fv2%2Fcomments&post=1923"}],"version-history":[{"count":1,"href":"https:\/\/drgustavogastrohepato.com.br\/web\/index.php?rest_route=\/wp\/v2\/pages\/1923\/revisions"}],"predecessor-version":[{"id":1924,"href":"https:\/\/drgustavogastrohepato.com.br\/web\/index.php?rest_route=\/wp\/v2\/pages\/1923\/revisions\/1924"}],"wp:attachment":[{"href":"https:\/\/drgustavogastrohepato.com.br\/web\/index.php?rest_route=%2Fwp%2Fv2%2Fmedia&parent=1923"}],"curies":[{"name":"wp","href":"https:\/\/api.w.org\/{rel}","templated":true}]}}