{"id":1917,"date":"2024-10-07T15:03:00","date_gmt":"2024-10-07T18:03:00","guid":{"rendered":"https:\/\/drgustavogastrohepato.com.br\/web\/?page_id=1917"},"modified":"2024-10-07T15:03:00","modified_gmt":"2024-10-07T18:03:00","slug":"doenca-do-refluxo-gastroesofagico","status":"publish","type":"page","link":"https:\/\/drgustavogastrohepato.com.br\/web\/?page_id=1917","title":{"rendered":"Doen\u00e7a do Refluxo Gastroesof\u00e1gico"},"content":{"rendered":"\n<p>A Doen\u00e7a do Refluxo Gastroesof\u00e1gico \u00e9 uma condi\u00e7\u00e3o decorrente do retorno do conte\u00fado do est\u00f4mago para o es\u00f4fago. Trata-se de uma doen\u00e7a comum, que acomete at\u00e9 20% da popula\u00e7\u00e3o brasileira. <\/p>\n\n\n\n<p>Seus sintomas mais comuns s\u00e3o a pirose (azia-sensa\u00e7\u00e3o de queima\u00e7\u00e3o no peito que sobe do est\u00f4mago em dire\u00e7\u00e3o a garganta) e regurgita\u00e7\u00e3o (sensa\u00e7\u00e3o de retorno da comida do est\u00f4mago at\u00e9 a boca). Contudo, ela pode se manifestar de outras formas como tosse, rouquid\u00e3o, pigarro e sensa\u00e7\u00e3o de bolo na garganta.<\/p>\n\n\n\n<p>O diagn\u00f3stico \u00e9 baseado na presen\u00e7a dos sintomas t\u00edpicos. Indiv\u00edduos com sintomas at\u00edpicos por vezes necessitam testes mais complexos, como impedancio-pHmetria, para que sejam efetivamente diagnosticados. <\/p>\n\n\n\n<p>Endoscopia digestiva alta \u00e9 especialmente indicada em pacientes com sintomas de alarme (como anemia, emagrecimento, dor ou dificuldade em engolir) e para diagn\u00f3stico de complica\u00e7\u00f5es da DRGE, como estenose, es\u00f4fago de Barret. <\/p>\n\n\n\n<p>O tratamento \u00e9 realizado na maior parte dos casos com mudan\u00e7a de h\u00e1bitos de vida e alimentares e medicamentos e leva a pronta melhora dos sintomas e previne complica\u00e7\u00f5es da doen\u00e7a.<\/p>\n","protected":false},"excerpt":{"rendered":"<p>A Doen\u00e7a do Refluxo Gastroesof\u00e1gico \u00e9 uma condi\u00e7\u00e3o decorrente do retorno do conte\u00fado do est\u00f4mago para o es\u00f4fago. Trata-se de uma doen\u00e7a comum, que acomete at\u00e9 20% da popula\u00e7\u00e3o brasileira. Seus sintomas mais comuns s\u00e3o a pirose (azia-sensa\u00e7\u00e3o de queima\u00e7\u00e3o no peito que sobe do est\u00f4mago em dire\u00e7\u00e3o a garganta) e regurgita\u00e7\u00e3o (sensa\u00e7\u00e3o de retorno [&hellip;]<\/p>\n","protected":false},"author":1,"featured_media":0,"parent":0,"menu_order":0,"comment_status":"closed","ping_status":"closed","template":"","meta":{"_uag_custom_page_level_css":"","site-sidebar-layout":"default","site-content-layout":"","ast-site-content-layout":"default","site-content-style":"default","site-sidebar-style":"default","ast-global-header-display":"","ast-banner-title-visibility":"","ast-main-header-display":"","ast-hfb-above-header-display":"","ast-hfb-below-header-display":"","ast-hfb-mobile-header-display":"","site-post-title":"","ast-breadcrumbs-content":"","ast-featured-img":"","footer-sml-layout":"","theme-transparent-header-meta":"","adv-header-id-meta":"","stick-header-meta":"","header-above-stick-meta":"","header-main-stick-meta":"","header-below-stick-meta":"","astra-migrate-meta-layouts":"set","ast-page-background-enabled":"default","ast-page-background-meta":{"desktop":{"background-color":"","background-image":"","background-repeat":"repeat","background-position":"center center","background-size":"auto","background-attachment":"scroll","background-type":"","background-media":"","overlay-type":"","overlay-color":"","overlay-opacity":"","overlay-gradient":""},"tablet":{"background-color":"","background-image":"","background-repeat":"repeat","background-position":"center center","background-size":"auto","background-attachment":"scroll","background-type":"","background-media":"","overlay-type":"","overlay-color":"","overlay-opacity":"","overlay-gradient":""},"mobile":{"background-color":"","background-image":"","background-repeat":"repeat","background-position":"center center","background-size":"auto","background-attachment":"scroll","background-type":"","background-media":"","overlay-type":"","overlay-color":"","overlay-opacity":"","overlay-gradient":""}},"ast-content-background-meta":{"desktop":{"background-color":"var(--ast-global-color-5)","background-image":"","background-repeat":"repeat","background-position":"center center","background-size":"auto","background-attachment":"scroll","background-type":"","background-media":"","overlay-type":"","overlay-color":"","overlay-opacity":"","overlay-gradient":""},"tablet":{"background-color":"var(--ast-global-color-5)","background-image":"","background-repeat":"repeat","background-position":"center center","background-size":"auto","background-attachment":"scroll","background-type":"","background-media":"","overlay-type":"","overlay-color":"","overlay-opacity":"","overlay-gradient":""},"mobile":{"background-color":"var(--ast-global-color-5)","background-image":"","background-repeat":"repeat","background-position":"center center","background-size":"auto","background-attachment":"scroll","background-type":"","background-media":"","overlay-type":"","overlay-color":"","overlay-opacity":"","overlay-gradient":""}},"footnotes":""},"class_list":["post-1917","page","type-page","status-publish","hentry"],"uagb_featured_image_src":{"full":false,"thumbnail":false,"medium":false,"medium_large":false,"large":false,"1536x1536":false,"2048x2048":false},"uagb_author_info":{"display_name":"drgustavogastrohepato","author_link":"https:\/\/drgustavogastrohepato.com.br\/web\/?author=1"},"uagb_comment_info":0,"uagb_excerpt":"A Doen\u00e7a do Refluxo Gastroesof\u00e1gico \u00e9 uma condi\u00e7\u00e3o decorrente do retorno do conte\u00fado do est\u00f4mago para o es\u00f4fago. Trata-se de uma doen\u00e7a comum, que acomete at\u00e9 20% da popula\u00e7\u00e3o brasileira. Seus sintomas mais comuns s\u00e3o a pirose (azia-sensa\u00e7\u00e3o de queima\u00e7\u00e3o no peito que sobe do est\u00f4mago em dire\u00e7\u00e3o a garganta) e regurgita\u00e7\u00e3o (sensa\u00e7\u00e3o de retorno&hellip;","_links":{"self":[{"href":"https:\/\/drgustavogastrohepato.com.br\/web\/index.php?rest_route=\/wp\/v2\/pages\/1917","targetHints":{"allow":["GET"]}}],"collection":[{"href":"https:\/\/drgustavogastrohepato.com.br\/web\/index.php?rest_route=\/wp\/v2\/pages"}],"about":[{"href":"https:\/\/drgustavogastrohepato.com.br\/web\/index.php?rest_route=\/wp\/v2\/types\/page"}],"author":[{"embeddable":true,"href":"https:\/\/drgustavogastrohepato.com.br\/web\/index.php?rest_route=\/wp\/v2\/users\/1"}],"replies":[{"embeddable":true,"href":"https:\/\/drgustavogastrohepato.com.br\/web\/index.php?rest_route=%2Fwp%2Fv2%2Fcomments&post=1917"}],"version-history":[{"count":1,"href":"https:\/\/drgustavogastrohepato.com.br\/web\/index.php?rest_route=\/wp\/v2\/pages\/1917\/revisions"}],"predecessor-version":[{"id":1919,"href":"https:\/\/drgustavogastrohepato.com.br\/web\/index.php?rest_route=\/wp\/v2\/pages\/1917\/revisions\/1919"}],"wp:attachment":[{"href":"https:\/\/drgustavogastrohepato.com.br\/web\/index.php?rest_route=%2Fwp%2Fv2%2Fmedia&parent=1917"}],"curies":[{"name":"wp","href":"https:\/\/api.w.org\/{rel}","templated":true}]}}