{"id":1890,"date":"2024-09-25T06:27:43","date_gmt":"2024-09-25T09:27:43","guid":{"rendered":"https:\/\/drgustavogastrohepato.com.br\/web\/?page_id=1890"},"modified":"2024-09-25T06:36:55","modified_gmt":"2024-09-25T09:36:55","slug":"esteatose-hepatica","status":"publish","type":"page","link":"https:\/\/drgustavogastrohepato.com.br\/web\/?page_id=1890","title":{"rendered":"Esteatose Hep\u00e1tica"},"content":{"rendered":"\n<div class=\"wp-block-uagb-image alignleft uagb-block-9539f8a2 wp-block-uagb-image--layout-default wp-block-uagb-image--effect-static wp-block-uagb-image--align-left\"><figure class=\"wp-block-uagb-image__figure\"><img decoding=\"async\" srcset=\"https:\/\/drgustavogastrohepato.com.br\/web\/wp-content\/uploads\/2024\/09\/esteatose.jpg ,https:\/\/drgustavogastrohepato.com.br\/web\/wp-content\/uploads\/2024\/09\/esteatose.jpg 780w, https:\/\/drgustavogastrohepato.com.br\/web\/wp-content\/uploads\/2024\/09\/esteatose.jpg 360w\" sizes=\"auto, (max-width: 480px) 150px\" src=\"https:\/\/drgustavogastrohepato.com.br\/web\/wp-content\/uploads\/2024\/09\/esteatose.jpg\" alt=\"\" class=\"uag-image-1894\" width=\"234\" height=\"119\" title=\"esteatose\" loading=\"lazy\" role=\"img\"\/><\/figure><\/div>\n\n\n\n<p>Esteatose \u00e9 o ac\u00famulo de quantidade excessiva de gordura no f\u00edgado. Este ac\u00famulo \u00e9 consequ\u00eancia de fatores como obesidade, diabetes mellitus e colesterol elevado, ou ainda a consumo potencialmente nocivo de \u00e1lcool. A esteatose pode levar ao desenvolvimento de inflama\u00e7\u00e3o e cicatrizes no f\u00edgado, que chamamos em jarg\u00e3o m\u00e9dico de fibrose. <\/p>\n\n\n\n<p>Em graus extremos, a fibrose torna-se cirrose e pode trazer consequ\u00eancias seria para a sa\u00fade, como c\u00e2ncer de f\u00edgado e at\u00e9 mesmo necessidade de transplante de f\u00edgado. Desta forma, \u00e9 fundamental reconhecer as pessoas que tenham esteatose trat\u00e1-las de forma mais precoce poss\u00edvel a fim de evitar estes desfechos indesej\u00e1veis. Na pr\u00e1tica cl\u00ednica, o diagn\u00f3stico de esteatose habitualmente \u00e9 feito atrav\u00e9s de exames de imagem, como ultrassonografia e tomografia de abd\u00f4men. <\/p>\n\n\n\n<p>Recomenda-se ainda que pacientes com as condi\u00e7\u00f5es de risco que citamos anteriormente sejam ativamente submetidas a rastreio de esteatose atrav\u00e9s de ultrassonografia e exames de sangue. <\/p>\n\n\n\n<p>Pacientes com esteatose devem ser consultados por hepatologista de forma a identificar o grau de fibrose e inflama\u00e7\u00e3o e serem submetidos a tratamento para esta importante condi\u00e7\u00e3o de sa\u00fade.<\/p>\n","protected":false},"excerpt":{"rendered":"<p>Esteatose \u00e9 o ac\u00famulo de quantidade excessiva de gordura no f\u00edgado. Este ac\u00famulo \u00e9 consequ\u00eancia de fatores como obesidade, diabetes mellitus e colesterol elevado, ou ainda a consumo potencialmente nocivo de \u00e1lcool. A esteatose pode levar ao desenvolvimento de inflama\u00e7\u00e3o e cicatrizes no f\u00edgado, que chamamos em jarg\u00e3o m\u00e9dico de fibrose. Em graus extremos, a [&hellip;]<\/p>\n","protected":false},"author":1,"featured_media":0,"parent":0,"menu_order":0,"comment_status":"closed","ping_status":"closed","template":"","meta":{"_uag_custom_page_level_css":"","site-sidebar-layout":"default","site-content-layout":"","ast-site-content-layout":"default","site-content-style":"default","site-sidebar-style":"default","ast-global-header-display":"","ast-banner-title-visibility":"","ast-main-header-display":"","ast-hfb-above-header-display":"","ast-hfb-below-header-display":"","ast-hfb-mobile-header-display":"","site-post-title":"","ast-breadcrumbs-content":"","ast-featured-img":"","footer-sml-layout":"","theme-transparent-header-meta":"","adv-header-id-meta":"","stick-header-meta":"","header-above-stick-meta":"","header-main-stick-meta":"","header-below-stick-meta":"","astra-migrate-meta-layouts":"set","ast-page-background-enabled":"default","ast-page-background-meta":{"desktop":{"background-color":"","background-image":"","background-repeat":"repeat","background-position":"center center","background-size":"auto","background-attachment":"scroll","background-type":"","background-media":"","overlay-type":"","overlay-color":"","overlay-opacity":"","overlay-gradient":""},"tablet":{"background-color":"","background-image":"","background-repeat":"repeat","background-position":"center center","background-size":"auto","background-attachment":"scroll","background-type":"","background-media":"","overlay-type":"","overlay-color":"","overlay-opacity":"","overlay-gradient":""},"mobile":{"background-color":"","background-image":"","background-repeat":"repeat","background-position":"center center","background-size":"auto","background-attachment":"scroll","background-type":"","background-media":"","overlay-type":"","overlay-color":"","overlay-opacity":"","overlay-gradient":""}},"ast-content-background-meta":{"desktop":{"background-color":"var(--ast-global-color-5)","background-image":"","background-repeat":"repeat","background-position":"center center","background-size":"auto","background-attachment":"scroll","background-type":"","background-media":"","overlay-type":"","overlay-color":"","overlay-opacity":"","overlay-gradient":""},"tablet":{"background-color":"var(--ast-global-color-5)","background-image":"","background-repeat":"repeat","background-position":"center center","background-size":"auto","background-attachment":"scroll","background-type":"","background-media":"","overlay-type":"","overlay-color":"","overlay-opacity":"","overlay-gradient":""},"mobile":{"background-color":"var(--ast-global-color-5)","background-image":"","background-repeat":"repeat","background-position":"center center","background-size":"auto","background-attachment":"scroll","background-type":"","background-media":"","overlay-type":"","overlay-color":"","overlay-opacity":"","overlay-gradient":""}},"footnotes":""},"class_list":["post-1890","page","type-page","status-publish","hentry"],"uagb_featured_image_src":{"full":false,"thumbnail":false,"medium":false,"medium_large":false,"large":false,"1536x1536":false,"2048x2048":false},"uagb_author_info":{"display_name":"drgustavogastrohepato","author_link":"https:\/\/drgustavogastrohepato.com.br\/web\/?author=1"},"uagb_comment_info":0,"uagb_excerpt":"Esteatose \u00e9 o ac\u00famulo de quantidade excessiva de gordura no f\u00edgado. Este ac\u00famulo \u00e9 consequ\u00eancia de fatores como obesidade, diabetes mellitus e colesterol elevado, ou ainda a consumo potencialmente nocivo de \u00e1lcool. A esteatose pode levar ao desenvolvimento de inflama\u00e7\u00e3o e cicatrizes no f\u00edgado, que chamamos em jarg\u00e3o m\u00e9dico de fibrose. Em graus extremos, a&hellip;","_links":{"self":[{"href":"https:\/\/drgustavogastrohepato.com.br\/web\/index.php?rest_route=\/wp\/v2\/pages\/1890","targetHints":{"allow":["GET"]}}],"collection":[{"href":"https:\/\/drgustavogastrohepato.com.br\/web\/index.php?rest_route=\/wp\/v2\/pages"}],"about":[{"href":"https:\/\/drgustavogastrohepato.com.br\/web\/index.php?rest_route=\/wp\/v2\/types\/page"}],"author":[{"embeddable":true,"href":"https:\/\/drgustavogastrohepato.com.br\/web\/index.php?rest_route=\/wp\/v2\/users\/1"}],"replies":[{"embeddable":true,"href":"https:\/\/drgustavogastrohepato.com.br\/web\/index.php?rest_route=%2Fwp%2Fv2%2Fcomments&post=1890"}],"version-history":[{"count":2,"href":"https:\/\/drgustavogastrohepato.com.br\/web\/index.php?rest_route=\/wp\/v2\/pages\/1890\/revisions"}],"predecessor-version":[{"id":1895,"href":"https:\/\/drgustavogastrohepato.com.br\/web\/index.php?rest_route=\/wp\/v2\/pages\/1890\/revisions\/1895"}],"wp:attachment":[{"href":"https:\/\/drgustavogastrohepato.com.br\/web\/index.php?rest_route=%2Fwp%2Fv2%2Fmedia&parent=1890"}],"curies":[{"name":"wp","href":"https:\/\/api.w.org\/{rel}","templated":true}]}}